{"id":38328,"date":"2024-03-11T21:16:14","date_gmt":"2024-03-11T20:16:14","guid":{"rendered":"https:\/\/francais.newdealinstitut.com\/mentions-legales\/"},"modified":"2024-03-11T21:16:53","modified_gmt":"2024-03-11T20:16:53","slug":"mentions-legales","status":"publish","type":"page","link":"https:\/\/francais.newdealinstitut.com\/en\/mentions-legales\/","title":{"rendered":"Mentions L\u00e9gales"},"content":{"rendered":"\t\t<div data-elementor-type=\"wp-page\" data-elementor-id=\"38328\" class=\"elementor elementor-38328 elementor-38316\" data-elementor-post-type=\"page\">\n\t\t\t\t\t\t<section class=\"elementor-section elementor-top-section elementor-element elementor-element-79f9056a elementor-section-height-min-height elementor-reverse-tablet elementor-reverse-mobile elementor-section-stretched elementor-section-full_width elementor-section-height-default elementor-section-items-middle\" data-id=\"79f9056a\" data-element_type=\"section\" data-e-type=\"section\" data-settings=\"{&quot;background_background&quot;:&quot;classic&quot;,&quot;shape_divider_top&quot;:&quot;tilt&quot;,&quot;stretch_section&quot;:&quot;section-stretched&quot;}\">\n\t\t\t\t\t\t\t<div class=\"elementor-background-overlay\"><\/div>\n\t\t\t\t\t\t<div class=\"elementor-shape elementor-shape-top\" aria-hidden=\"true\" data-negative=\"false\">\n\t\t\t<svg xmlns=\"http:\/\/www.w3.org\/2000\/svg\" viewBox=\"0 0 1000 100\" preserveAspectRatio=\"none\">\n\t<path class=\"elementor-shape-fill\" d=\"M0,6V0h1000v100L0,6z\"\/>\n<\/svg>\t\t<\/div>\n\t\t\t\t\t<div class=\"elementor-container elementor-column-gap-default\">\n\t\t\t\t\t<div class=\"elementor-column elementor-col-50 elementor-top-column elementor-element elementor-element-7bbe2ef8\" data-id=\"7bbe2ef8\" data-element_type=\"column\" data-e-type=\"column\">\n\t\t\t<div class=\"elementor-widget-wrap elementor-element-populated\">\n\t\t\t\t\t\t<div class=\"elementor-element elementor-element-3a02fc2c elementor-widget__width-initial elementor-widget elementor-widget-spacer\" data-id=\"3a02fc2c\" data-element_type=\"widget\" data-e-type=\"widget\" data-widget_type=\"spacer.default\">\n\t\t\t\t<div class=\"elementor-widget-container\">\n\t\t\t\t\t\t\t<div class=\"elementor-spacer\">\n\t\t\t<div class=\"elementor-spacer-inner\"><\/div>\n\t\t<\/div>\n\t\t\t\t\t\t<\/div>\n\t\t\t\t<\/div>\n\t\t\t\t<div class=\"elementor-element elementor-element-2f71d18e elementor-widget elementor-widget-heading\" data-id=\"2f71d18e\" data-element_type=\"widget\" data-e-type=\"widget\" data-widget_type=\"heading.default\">\n\t\t\t\t<div class=\"elementor-widget-container\">\n\t\t\t\t\t<h1 class=\"elementor-heading-title elementor-size-default\">MENTIONS L\u00c9GALES<\/h1>\t\t\t\t<\/div>\n\t\t\t\t<\/div>\n\t\t\t\t<div class=\"elementor-element elementor-element-7fb79242 elementor-widget elementor-widget-heading\" data-id=\"7fb79242\" data-element_type=\"widget\" data-e-type=\"widget\" data-widget_type=\"heading.default\">\n\t\t\t\t<div class=\"elementor-widget-container\">\n\t\t\t\t\t<span class=\"elementor-heading-title elementor-size-default\">D\u00c9COUVREZ NOS MENTIONS L\u00c9GALES DE NOTRE \u00c9COLE \u00c0 BORDEAUX<\/span>\t\t\t\t<\/div>\n\t\t\t\t<\/div>\n\t\t\t\t\t<\/div>\n\t\t<\/div>\n\t\t\t\t<div class=\"elementor-column elementor-col-50 elementor-top-column elementor-element elementor-element-df6206b\" data-id=\"df6206b\" data-element_type=\"column\" data-e-type=\"column\">\n\t\t\t<div class=\"elementor-widget-wrap\">\n\t\t\t\t\t\t\t<\/div>\n\t\t<\/div>\n\t\t\t\t\t<\/div>\n\t\t<\/section>\n\t\t\t\t<section class=\"elementor-section elementor-top-section elementor-element elementor-element-95fe0be elementor-section-boxed elementor-section-height-default elementor-section-height-default\" data-id=\"95fe0be\" data-element_type=\"section\" data-e-type=\"section\">\n\t\t\t\t\t\t<div class=\"elementor-container elementor-column-gap-default\">\n\t\t\t\t\t<div class=\"elementor-column elementor-col-100 elementor-top-column elementor-element elementor-element-40b0e2a\" data-id=\"40b0e2a\" data-element_type=\"column\" data-e-type=\"column\">\n\t\t\t<div class=\"elementor-widget-wrap elementor-element-populated\">\n\t\t\t\t\t\t<div class=\"elementor-element elementor-element-2b5fc78 elementor-widget elementor-widget-spacer\" data-id=\"2b5fc78\" data-element_type=\"widget\" data-e-type=\"widget\" data-widget_type=\"spacer.default\">\n\t\t\t\t<div class=\"elementor-widget-container\">\n\t\t\t\t\t\t\t<div class=\"elementor-spacer\">\n\t\t\t<div class=\"elementor-spacer-inner\"><\/div>\n\t\t<\/div>\n\t\t\t\t\t\t<\/div>\n\t\t\t\t<\/div>\n\t\t\t\t<div class=\"elementor-element elementor-element-5f60ea4 elementor-widget elementor-widget-text-editor\" data-id=\"5f60ea4\" data-element_type=\"widget\" data-e-type=\"widget\" data-widget_type=\"text-editor.default\">\n\t\t\t\t<div class=\"elementor-widget-container\">\n\t\t\t\t\t\t\t\t\t<p>Merci de lire attentivement les pr\u00e9sentes modalit\u00e9s d\u2019utilisation du pr\u00e9sent site avant de le parcourir. En vous connectant sur ce site, vous acceptez sans r\u00e9serve les pr\u00e9sentes modalit\u00e9s.<\/p>\n\t\t\t\t\t\t\t\t<\/div>\n\t\t\t\t<\/div>\n\t\t\t\t\t<\/div>\n\t\t<\/div>\n\t\t\t\t\t<\/div>\n\t\t<\/section>\n\t\t\t\t<section class=\"elementor-section elementor-top-section elementor-element elementor-element-5cc54e6 elementor-section-boxed elementor-section-height-default elementor-section-height-default\" data-id=\"5cc54e6\" data-element_type=\"section\" data-e-type=\"section\">\n\t\t\t\t\t\t<div class=\"elementor-container elementor-column-gap-default\">\n\t\t\t\t\t<div class=\"elementor-column elementor-col-100 elementor-top-column elementor-element elementor-element-10300cc\" data-id=\"10300cc\" data-element_type=\"column\" data-e-type=\"column\">\n\t\t\t<div class=\"elementor-widget-wrap elementor-element-populated\">\n\t\t\t\t\t\t<div class=\"elementor-element elementor-element-11093a3 elementor-widget elementor-widget-text-editor\" data-id=\"11093a3\" data-element_type=\"widget\" data-e-type=\"widget\" data-widget_type=\"text-editor.default\">\n\t\t\t\t<div class=\"elementor-widget-container\">\n\t\t\t\t\t\t\t\t\t<p><main id=\"content\" class=\"site-main post-38226 page type-page status-publish hentry\"><\/p>\n<div class=\"page-content\">\n<div class=\"elementor elementor-38226\" data-elementor-type=\"wp-page\" data-elementor-id=\"38226\" data-elementor-post-type=\"page\">\n<section class=\"elementor-section elementor-top-section elementor-element elementor-element-0df1013 elementor-section-boxed elementor-section-height-default elementor-section-height-default\" data-id=\"0df1013\" data-element_type=\"section\">\n<div class=\"elementor-container elementor-column-gap-default\">\n<div class=\"elementor-column elementor-col-100 elementor-top-column elementor-element elementor-element-3f71b03\" data-id=\"3f71b03\" data-element_type=\"column\">\n<div class=\"elementor-widget-wrap elementor-element-populated\">\n<div class=\"elementor-element elementor-element-7fa76a8 elementor-widget elementor-widget-text-editor\" data-id=\"7fa76a8\" data-element_type=\"widget\" data-widget_type=\"text-editor.default\">\n<div class=\"elementor-widget-container\">\n<p><b>\u00c9diteur du site :<\/b><\/p>\n<p><a href=\"https:\/\/francais.newdealinstitut.com\/en\/\"><strong>Newdeal Institut<\/strong><\/a><br \/>74 Avenue Thiers\u2013 33100 Bordeaux<\/p>\n<p><strong>Conception : <\/strong>Alexandre Destrebecq \/ <a href=\"https:\/\/agencenatlys.com\/\">Agence Natlys<\/a><\/p>\n<p><strong>R\u00e9alisation : <\/strong>Alexandre Destrebecq \/ <a href=\"https:\/\/agencenatlys.com\/\">Agence Natlys<\/a><\/p>\n<p><strong>H\u00e9bergement :<\/strong> <a href=\"https:\/\/www.kaizen-marketing.fr\/\">https:\/\/www.kaizen-marketing.fr\/<\/a><\/p>\n<p><strong>Droits d\u2019auteur et droit de reproduction :<\/strong><\/p>\n<p>Le nom de domaine \u00ab francais.newdealinstitut.com \u00bb est r\u00e9serv\u00e9 par Newdeal Institut.<br \/>Par ailleurs, l\u2019ensemble du site et chacun de ses \u00e9l\u00e9ments pris s\u00e9par\u00e9ment rel\u00e8vent de la l\u00e9gislation fran\u00e7aise et internationale sur le droit d\u2019auteur et plus largement de la propri\u00e9t\u00e9 intellectuelle (incluant notamment la protection au titre du droit d\u2019auteur, du droit des marques, du droit des bases de donn\u00e9es).<br \/>Tous les droits de reproduction, de repr\u00e9sentation et de communication publique sont r\u00e9serv\u00e9s, y compris pour les documents t\u00e9l\u00e9chargeables et repr\u00e9sentations visuelles, audiovisuelles, photographiques, iconographies, logos ou autres.<br \/>La reproduction de tout ou partie de ce site sur un support \u00e9lectronique, quel qu\u2019il soit, sans autorisation expresse du directeur de la publication, est formellement interdite et constituerait une contrefa\u00e7on sanctionn\u00e9e par les articles L335-2 et suivants du Code de la propri\u00e9t\u00e9 intellectuelle.<br \/>Il en est de m\u00eame des bases de donn\u00e9es figurant sur le site Internet qui sont prot\u00e9g\u00e9es par les dispositions de la loi n\u00b098-536 du 1er juillet 1998 et le r\u00e9gime fran\u00e7ais du droit d\u2019auteur.<\/p>\n<p><strong>Cr\u00e9dits photos : <\/strong>Unspalsh, Pexels, Freepik, Pixabay.<\/p>\n<p><strong>Contactez-nous : <\/strong>Newdeal Institut est \u00e0 votre disposition pour tous vos commentaires ou suggestions. Vous pouvez nous \u00e9crire en fran\u00e7ais par courrier \u00e9lectronique \u00e0 : contact@newdealinstitut.com<\/p>\n<\/div>\n<\/div>\n<\/div>\n<\/div>\n<\/div>\n<\/section>\n<\/div>\n<div class=\"post-tags\"> <\/div>\n<\/div>\n<p><\/main><\/p>\n<div class=\"elementor elementor-38258 elementor-location-footer\" data-elementor-type=\"footer\" data-elementor-id=\"38258\" data-elementor-post-type=\"revision\"> <\/div>\n\t\t\t\t\t\t\t\t<\/div>\n\t\t\t\t<\/div>\n\t\t\t\t\t<\/div>\n\t\t<\/div>\n\t\t\t\t\t<\/div>\n\t\t<\/section>\n\t\t\t\t<\/div>\n\t\t","protected":false},"excerpt":{"rendered":"<p>MENTIONS L\u00c9GALES D\u00c9COUVREZ NOS MENTIONS L\u00c9GALES DE NOTRE \u00c9COLE \u00c0 BORDEAUX Merci de lire attentivement les pr\u00e9sentes modalit\u00e9s d\u2019utilisation du pr\u00e9sent site avant de le parcourir. En vous connectant sur ce site, vous acceptez sans r\u00e9serve les pr\u00e9sentes modalit\u00e9s. \u00c9diteur du site : Newdeal Institut74 Avenue Thiers\u2013 33100 Bordeaux Conception : Alexandre Destrebecq \/ Agence [&hellip;]<\/p>\n","protected":false},"author":25,"featured_media":0,"parent":0,"menu_order":0,"comment_status":"closed","ping_status":"closed","template":"","meta":{"content-type":"","footnotes":""},"folder":[],"class_list":["post-38328","page","type-page","status-publish","hentry"],"yoast_head":"<!-- This site is optimized with the Yoast SEO plugin v27.3 - https:\/\/yoast.com\/product\/yoast-seo-wordpress\/ -->\n<title>Mentions L\u00e9gales - Newdeal Institut<\/title>\n<meta name=\"description\" content=\"D\u00e9couvrez les pr\u00e9sentantes mentions l\u00e9gales de Newdeal Institut notre \u00e9cole de fran\u00e7ais \u00e0 Bordeaux.\" \/>\n<meta name=\"robots\" content=\"index, follow, max-snippet:-1, max-image-preview:large, max-video-preview:-1\" \/>\n<link rel=\"canonical\" href=\"https:\/\/francais.newdealinstitut.com\/en\/mentions-legales\/\" \/>\n<meta property=\"og:locale\" content=\"en_US\" \/>\n<meta property=\"og:type\" content=\"article\" \/>\n<meta property=\"og:title\" content=\"Mentions L\u00e9gales - Newdeal Institut\" \/>\n<meta property=\"og:description\" content=\"D\u00e9couvrez les pr\u00e9sentantes mentions l\u00e9gales de Newdeal Institut notre \u00e9cole de fran\u00e7ais \u00e0 Bordeaux.\" \/>\n<meta property=\"og:url\" content=\"https:\/\/francais.newdealinstitut.com\/en\/mentions-legales\/\" \/>\n<meta property=\"og:site_name\" content=\"Newdeal Institut\" \/>\n<meta property=\"article:publisher\" content=\"https:\/\/www.facebook.com\/NewdealBx\/\" \/>\n<meta property=\"article:modified_time\" content=\"2024-03-11T20:16:53+00:00\" \/>\n<meta name=\"twitter:label1\" content=\"Est. reading time\" \/>\n\t<meta name=\"twitter:data1\" content=\"2 minutes\" \/>\n<script type=\"application\/ld+json\" class=\"yoast-schema-graph\">{\"@context\":\"https:\\\/\\\/schema.org\",\"@graph\":[{\"@type\":\"WebPage\",\"@id\":\"https:\\\/\\\/francais.newdealinstitut.com\\\/en\\\/mentions-legales\\\/\",\"url\":\"https:\\\/\\\/francais.newdealinstitut.com\\\/en\\\/mentions-legales\\\/\",\"name\":\"Mentions L\u00e9gales - Newdeal Institut\",\"isPartOf\":{\"@id\":\"https:\\\/\\\/francais.newdealinstitut.com\\\/en\\\/#website\"},\"datePublished\":\"2024-03-11T20:16:14+00:00\",\"dateModified\":\"2024-03-11T20:16:53+00:00\",\"description\":\"D\u00e9couvrez les pr\u00e9sentantes mentions l\u00e9gales de Newdeal Institut notre \u00e9cole de fran\u00e7ais \u00e0 Bordeaux.\",\"breadcrumb\":{\"@id\":\"https:\\\/\\\/francais.newdealinstitut.com\\\/en\\\/mentions-legales\\\/#breadcrumb\"},\"inLanguage\":\"en-US\",\"potentialAction\":[{\"@type\":\"ReadAction\",\"target\":[\"https:\\\/\\\/francais.newdealinstitut.com\\\/en\\\/mentions-legales\\\/\"]}]},{\"@type\":\"BreadcrumbList\",\"@id\":\"https:\\\/\\\/francais.newdealinstitut.com\\\/en\\\/mentions-legales\\\/#breadcrumb\",\"itemListElement\":[{\"@type\":\"ListItem\",\"position\":1,\"name\":\"Home\",\"item\":\"https:\\\/\\\/francais.newdealinstitut.com\\\/en\\\/french-school-in-bordeaux-2\\\/\"},{\"@type\":\"ListItem\",\"position\":2,\"name\":\"Mentions L\u00e9gales\"}]},{\"@type\":\"WebSite\",\"@id\":\"https:\\\/\\\/francais.newdealinstitut.com\\\/en\\\/#website\",\"url\":\"https:\\\/\\\/francais.newdealinstitut.com\\\/en\\\/\",\"name\":\"Newdeal Institut\",\"description\":\"Learn French in Bordeaux\",\"publisher\":{\"@id\":\"https:\\\/\\\/francais.newdealinstitut.com\\\/en\\\/#organization\"},\"potentialAction\":[{\"@type\":\"SearchAction\",\"target\":{\"@type\":\"EntryPoint\",\"urlTemplate\":\"https:\\\/\\\/francais.newdealinstitut.com\\\/en\\\/?s={search_term_string}\"},\"query-input\":{\"@type\":\"PropertyValueSpecification\",\"valueRequired\":true,\"valueName\":\"search_term_string\"}}],\"inLanguage\":\"en-US\"},{\"@type\":\"Organization\",\"@id\":\"https:\\\/\\\/francais.newdealinstitut.com\\\/en\\\/#organization\",\"name\":\"NEWDEAL INSTITUT DE FRANCAIS\",\"url\":\"https:\\\/\\\/francais.newdealinstitut.com\\\/en\\\/\",\"logo\":{\"@type\":\"ImageObject\",\"inLanguage\":\"en-US\",\"@id\":\"https:\\\/\\\/francais.newdealinstitut.com\\\/en\\\/#\\\/schema\\\/logo\\\/image\\\/\",\"url\":\"https:\\\/\\\/francais.newdealinstitut.com\\\/wp-content\\\/uploads\\\/2017\\\/03\\\/ndif-website-logo.png\",\"contentUrl\":\"https:\\\/\\\/francais.newdealinstitut.com\\\/wp-content\\\/uploads\\\/2017\\\/03\\\/ndif-website-logo.png\",\"width\":832,\"height\":211,\"caption\":\"NEWDEAL INSTITUT DE FRANCAIS\"},\"image\":{\"@id\":\"https:\\\/\\\/francais.newdealinstitut.com\\\/en\\\/#\\\/schema\\\/logo\\\/image\\\/\"},\"sameAs\":[\"https:\\\/\\\/www.facebook.com\\\/NewdealBx\\\/\",\"https:\\\/\\\/x.com\\\/InstitutNewdeal\",\"https:\\\/\\\/www.instagram.com\\\/newdealinstitut\\\/\",\"https:\\\/\\\/www.linkedin.com\\\/company\\\/25900039\\\/\",\"https:\\\/\\\/www.youtube.com\\\/user\\\/newdealinstitut\"]}]}<\/script>\n<!-- \/ Yoast SEO plugin. -->","yoast_head_json":{"title":"Mentions L\u00e9gales - Newdeal Institut","description":"D\u00e9couvrez les pr\u00e9sentantes mentions l\u00e9gales de Newdeal Institut notre \u00e9cole de fran\u00e7ais \u00e0 Bordeaux.","robots":{"index":"index","follow":"follow","max-snippet":"max-snippet:-1","max-image-preview":"max-image-preview:large","max-video-preview":"max-video-preview:-1"},"canonical":"https:\/\/francais.newdealinstitut.com\/en\/mentions-legales\/","og_locale":"en_US","og_type":"article","og_title":"Mentions L\u00e9gales - Newdeal Institut","og_description":"D\u00e9couvrez les pr\u00e9sentantes mentions l\u00e9gales de Newdeal Institut notre \u00e9cole de fran\u00e7ais \u00e0 Bordeaux.","og_url":"https:\/\/francais.newdealinstitut.com\/en\/mentions-legales\/","og_site_name":"Newdeal Institut","article_publisher":"https:\/\/www.facebook.com\/NewdealBx\/","article_modified_time":"2024-03-11T20:16:53+00:00","twitter_misc":{"Est. reading time":"2 minutes"},"schema":{"@context":"https:\/\/schema.org","@graph":[{"@type":"WebPage","@id":"https:\/\/francais.newdealinstitut.com\/en\/mentions-legales\/","url":"https:\/\/francais.newdealinstitut.com\/en\/mentions-legales\/","name":"Mentions L\u00e9gales - Newdeal Institut","isPartOf":{"@id":"https:\/\/francais.newdealinstitut.com\/en\/#website"},"datePublished":"2024-03-11T20:16:14+00:00","dateModified":"2024-03-11T20:16:53+00:00","description":"D\u00e9couvrez les pr\u00e9sentantes mentions l\u00e9gales de Newdeal Institut notre \u00e9cole de fran\u00e7ais \u00e0 Bordeaux.","breadcrumb":{"@id":"https:\/\/francais.newdealinstitut.com\/en\/mentions-legales\/#breadcrumb"},"inLanguage":"en-US","potentialAction":[{"@type":"ReadAction","target":["https:\/\/francais.newdealinstitut.com\/en\/mentions-legales\/"]}]},{"@type":"BreadcrumbList","@id":"https:\/\/francais.newdealinstitut.com\/en\/mentions-legales\/#breadcrumb","itemListElement":[{"@type":"ListItem","position":1,"name":"Home","item":"https:\/\/francais.newdealinstitut.com\/en\/french-school-in-bordeaux-2\/"},{"@type":"ListItem","position":2,"name":"Mentions L\u00e9gales"}]},{"@type":"WebSite","@id":"https:\/\/francais.newdealinstitut.com\/en\/#website","url":"https:\/\/francais.newdealinstitut.com\/en\/","name":"Newdeal Institut","description":"Learn French in Bordeaux","publisher":{"@id":"https:\/\/francais.newdealinstitut.com\/en\/#organization"},"potentialAction":[{"@type":"SearchAction","target":{"@type":"EntryPoint","urlTemplate":"https:\/\/francais.newdealinstitut.com\/en\/?s={search_term_string}"},"query-input":{"@type":"PropertyValueSpecification","valueRequired":true,"valueName":"search_term_string"}}],"inLanguage":"en-US"},{"@type":"Organization","@id":"https:\/\/francais.newdealinstitut.com\/en\/#organization","name":"NEWDEAL INSTITUT DE FRANCAIS","url":"https:\/\/francais.newdealinstitut.com\/en\/","logo":{"@type":"ImageObject","inLanguage":"en-US","@id":"https:\/\/francais.newdealinstitut.com\/en\/#\/schema\/logo\/image\/","url":"https:\/\/francais.newdealinstitut.com\/wp-content\/uploads\/2017\/03\/ndif-website-logo.png","contentUrl":"https:\/\/francais.newdealinstitut.com\/wp-content\/uploads\/2017\/03\/ndif-website-logo.png","width":832,"height":211,"caption":"NEWDEAL INSTITUT DE FRANCAIS"},"image":{"@id":"https:\/\/francais.newdealinstitut.com\/en\/#\/schema\/logo\/image\/"},"sameAs":["https:\/\/www.facebook.com\/NewdealBx\/","https:\/\/x.com\/InstitutNewdeal","https:\/\/www.instagram.com\/newdealinstitut\/","https:\/\/www.linkedin.com\/company\/25900039\/","https:\/\/www.youtube.com\/user\/newdealinstitut"]}]}},"_links":{"self":[{"href":"https:\/\/francais.newdealinstitut.com\/en\/wp-json\/wp\/v2\/pages\/38328","targetHints":{"allow":["GET"]}}],"collection":[{"href":"https:\/\/francais.newdealinstitut.com\/en\/wp-json\/wp\/v2\/pages"}],"about":[{"href":"https:\/\/francais.newdealinstitut.com\/en\/wp-json\/wp\/v2\/types\/page"}],"author":[{"embeddable":true,"href":"https:\/\/francais.newdealinstitut.com\/en\/wp-json\/wp\/v2\/users\/25"}],"replies":[{"embeddable":true,"href":"https:\/\/francais.newdealinstitut.com\/en\/wp-json\/wp\/v2\/comments?post=38328"}],"version-history":[{"count":4,"href":"https:\/\/francais.newdealinstitut.com\/en\/wp-json\/wp\/v2\/pages\/38328\/revisions"}],"predecessor-version":[{"id":38336,"href":"https:\/\/francais.newdealinstitut.com\/en\/wp-json\/wp\/v2\/pages\/38328\/revisions\/38336"}],"wp:attachment":[{"href":"https:\/\/francais.newdealinstitut.com\/en\/wp-json\/wp\/v2\/media?parent=38328"}],"wp:term":[{"taxonomy":"folder","embeddable":true,"href":"https:\/\/francais.newdealinstitut.com\/en\/wp-json\/wp\/v2\/folder?post=38328"}],"curies":[{"name":"wp","href":"https:\/\/api.w.org\/{rel}","templated":true}]}}